{"id":10,"date":"2018-07-25T10:33:57","date_gmt":"2018-07-25T10:33:57","guid":{"rendered":"http:\/\/www.richmondlanguage.fr\/?page_id=10"},"modified":"2025-05-12T22:16:18","modified_gmt":"2025-05-12T22:16:18","slug":"home","status":"publish","type":"page","link":"https:\/\/test.richmondlanguage.fr\/","title":{"rendered":"home"},"content":{"rendered":"<div class=\"layoutArea\">\n<div class=\"column\">\n<h1 style=\"text-align: center;\">CENTRE DE FORMATION DES LANGUES VIVANTES<\/h1>\n<\/div>\n<\/div>\n<div class=\"layoutArea\">\n<div class=\"column\">\u00a0<\/div>\n<\/div>\n\n\n<figure class=\"wp-block-image size-large is-resized\"><img data-recalc-dims=\"1\" loading=\"lazy\" decoding=\"async\" width=\"1024\" height=\"499\" src=\"https:\/\/i0.wp.com\/test.richmondlanguage.fr\/wp-content\/uploads\/2024\/12\/unnamed.jpg?resize=1024%2C499&#038;ssl=1\" alt=\"\" class=\"wp-image-384\" style=\"width:371px;height:auto\" srcset=\"https:\/\/i0.wp.com\/test.richmondlanguage.fr\/wp-content\/uploads\/2024\/12\/unnamed.jpg?resize=1024%2C499&amp;ssl=1 1024w, https:\/\/i0.wp.com\/test.richmondlanguage.fr\/wp-content\/uploads\/2024\/12\/unnamed.jpg?resize=300%2C146&amp;ssl=1 300w, https:\/\/i0.wp.com\/test.richmondlanguage.fr\/wp-content\/uploads\/2024\/12\/unnamed.jpg?resize=768%2C374&amp;ssl=1 768w, https:\/\/i0.wp.com\/test.richmondlanguage.fr\/wp-content\/uploads\/2024\/12\/unnamed.jpg?w=1280&amp;ssl=1 1280w\" sizes=\"auto, (max-width: 1024px) 100vw, 1024px\" \/><\/figure>\n\n\n\n<details class=\"wp-block-details is-layout-flow wp-block-details-is-layout-flow\"><summary><\/summary>\n<div class=\"wp-block-columns is-layout-flex wp-container-core-columns-is-layout-9d6595d7 wp-block-columns-is-layout-flex\">\n<div class=\"wp-block-column is-layout-flow wp-block-column-is-layout-flow\" style=\"flex-basis:100%\"><\/div>\n<\/div>\n\n\n\n<p><\/p>\n<\/details>\n\n\n\n<figure class=\"wp-block-image size-large is-resized is-style-default\"><a href=\"https:\/\/test.richmondlanguage.fr\/wp-content\/uploads\/2025\/02\/40.54-CERTIFICAT-certificat-QUA007929-2024-12-26T23_00_00Z.pdf\"><img data-recalc-dims=\"1\" loading=\"lazy\" decoding=\"async\" width=\"724\" height=\"1024\" src=\"https:\/\/i0.wp.com\/test.richmondlanguage.fr\/wp-content\/uploads\/2025\/02\/40.54-CERTIFICAT-certificat-QUA007929-2024-12-26T23_00_00Z.png?resize=724%2C1024&#038;ssl=1\" alt=\"\" class=\"wp-image-392\" style=\"width:365px;height:auto\" srcset=\"https:\/\/i0.wp.com\/test.richmondlanguage.fr\/wp-content\/uploads\/2025\/02\/40.54-CERTIFICAT-certificat-QUA007929-2024-12-26T23_00_00Z.png?resize=724%2C1024&amp;ssl=1 724w, https:\/\/i0.wp.com\/test.richmondlanguage.fr\/wp-content\/uploads\/2025\/02\/40.54-CERTIFICAT-certificat-QUA007929-2024-12-26T23_00_00Z.png?resize=212%2C300&amp;ssl=1 212w, https:\/\/i0.wp.com\/test.richmondlanguage.fr\/wp-content\/uploads\/2025\/02\/40.54-CERTIFICAT-certificat-QUA007929-2024-12-26T23_00_00Z.png?resize=768%2C1087&amp;ssl=1 768w, https:\/\/i0.wp.com\/test.richmondlanguage.fr\/wp-content\/uploads\/2025\/02\/40.54-CERTIFICAT-certificat-QUA007929-2024-12-26T23_00_00Z.png?resize=1085%2C1536&amp;ssl=1 1085w, https:\/\/i0.wp.com\/test.richmondlanguage.fr\/wp-content\/uploads\/2025\/02\/40.54-CERTIFICAT-certificat-QUA007929-2024-12-26T23_00_00Z.png?resize=1447%2C2048&amp;ssl=1 1447w, https:\/\/i0.wp.com\/test.richmondlanguage.fr\/wp-content\/uploads\/2025\/02\/40.54-CERTIFICAT-certificat-QUA007929-2024-12-26T23_00_00Z.png?w=2400&amp;ssl=1 2400w\" sizes=\"auto, (max-width: 724px) 100vw, 724px\" \/><\/a><\/figure>\n\n\n\n\n\n<p><br><strong>Les m\u00e9thodes d\u2019apprentissage de langues \u00e9trang\u00e8res vivantes commun\u00e9ment utilis\u00e9es dans le monde francophone se r\u00e9v\u00e8lent peu efficaces, de nombreux apprenants se retrouvent d\u00e9munis lors de la mise en pratique des notions et\/ou apprentissages re\u00e7us et se retrouvent bien souvent \u00e0 ne pas pouvoir communiquer de mani\u00e8re efficace dans un environnement linguistiquement \u00e9tranger malgr\u00e9 avoir suivi un cursus complet \u2026.<br>La raison claire en est que l\u2019apprentissage classique des langues vivantes reste trop th\u00e9orique et, trop souvent, bas\u00e9 sur l\u2019\u00e9crit et la traduction de textes n\u2019ayant que peu d\u2019utilit\u00e9 dans la vie pratique de tous les jours<br>L\u2019importance de la litt\u00e9rature dans l\u2019apprentissage de la langue fran\u00e7aise n\u2019y est peut-\u00eatre pas \u00e9trang\u00e8re<br>A l\u2019\u00e8re de l\u2019infob\u00e9sit\u00e9, l\u2019acc\u00e9l\u00e9ration de la vitesse d\u2019\u00e9change des informations ne permet plus de consacrer de longues heures \u00e0 une \u00e9tude studieuse, lourde et litt\u00e9raire d\u2019une langue.<\/strong><br><\/p>\n\n\n\n<p><\/p>\n\n\n\n<figure class=\"wp-block-table\"><table class=\"has-fixed-layout\"><tbody><tr><td><br><br><\/td><\/tr><\/tbody><\/table><\/figure>\n","protected":false},"excerpt":{"rendered":"<p>CENTRE DE FORMATION DES LANGUES VIVANTES \u00a0 Les m\u00e9thodes d\u2019apprentissage de langues \u00e9trang\u00e8res vivantes commun\u00e9ment utilis\u00e9es dans le monde francophone se r\u00e9v\u00e8lent peu efficaces, de nombreux apprenants se retrouvent d\u00e9munis lors de la mise en pratique des notions et\/ou apprentissages re\u00e7us et se retrouvent bien souvent \u00e0 ne pas pouvoir communiquer de mani\u00e8re efficace dans&hellip;<\/p>\n","protected":false},"author":1,"featured_media":0,"parent":0,"menu_order":0,"comment_status":"closed","ping_status":"closed","template":"","meta":{"_exactmetrics_skip_tracking":false,"_exactmetrics_sitenote_active":false,"_exactmetrics_sitenote_note":"","_exactmetrics_sitenote_category":0,"footnotes":""},"class_list":["post-10","page","type-page","status-publish","hentry","description-off"],"yoast_head":"<!-- This site is optimized with the Yoast SEO plugin v27.4 - https:\/\/yoast.com\/product\/yoast-seo-wordpress\/ -->\n<title>home - RichmondLanguage<\/title>\n<meta name=\"robots\" content=\"noindex, follow, max-snippet:-1, max-image-preview:large, max-video-preview:-1\" \/>\n<meta property=\"og:locale\" content=\"fr_FR\" \/>\n<meta property=\"og:type\" content=\"article\" \/>\n<meta property=\"og:title\" content=\"home - RichmondLanguage\" \/>\n<meta property=\"og:description\" content=\"CENTRE DE FORMATION DES LANGUES VIVANTES \u00a0 Les m\u00e9thodes d\u2019apprentissage de langues \u00e9trang\u00e8res vivantes commun\u00e9ment utilis\u00e9es dans le monde francophone se r\u00e9v\u00e8lent peu efficaces, de nombreux apprenants se retrouvent d\u00e9munis lors de la mise en pratique des notions et\/ou apprentissages re\u00e7us et se retrouvent bien souvent \u00e0 ne pas pouvoir communiquer de mani\u00e8re efficace dans&hellip;\" \/>\n<meta property=\"og:url\" content=\"https:\/\/test.richmondlanguage.fr\/\" \/>\n<meta property=\"og:site_name\" content=\"RichmondLanguage\" \/>\n<meta property=\"article:modified_time\" content=\"2025-05-12T22:16:18+00:00\" \/>\n<meta property=\"og:image\" content=\"https:\/\/test.richmondlanguage.fr\/wp-content\/uploads\/2024\/12\/unnamed-1024x499.jpg\" \/>\n<meta name=\"twitter:card\" content=\"summary_large_image\" \/>\n<meta name=\"twitter:label1\" content=\"Dur\u00e9e de lecture estim\u00e9e\" \/>\n\t<meta name=\"twitter:data1\" content=\"2 minutes\" \/>\n<script type=\"application\/ld+json\" class=\"yoast-schema-graph\">{\"@context\":\"https:\\\/\\\/schema.org\",\"@graph\":[{\"@type\":\"WebPage\",\"@id\":\"https:\\\/\\\/test.richmondlanguage.fr\\\/\",\"url\":\"https:\\\/\\\/test.richmondlanguage.fr\\\/\",\"name\":\"home - RichmondLanguage\",\"isPartOf\":{\"@id\":\"https:\\\/\\\/test.richmondlanguage.fr\\\/#website\"},\"primaryImageOfPage\":{\"@id\":\"https:\\\/\\\/test.richmondlanguage.fr\\\/#primaryimage\"},\"image\":{\"@id\":\"https:\\\/\\\/test.richmondlanguage.fr\\\/#primaryimage\"},\"thumbnailUrl\":\"https:\\\/\\\/test.richmondlanguage.fr\\\/wp-content\\\/uploads\\\/2024\\\/12\\\/unnamed-1024x499.jpg\",\"datePublished\":\"2018-07-25T10:33:57+00:00\",\"dateModified\":\"2025-05-12T22:16:18+00:00\",\"breadcrumb\":{\"@id\":\"https:\\\/\\\/test.richmondlanguage.fr\\\/#breadcrumb\"},\"inLanguage\":\"fr-FR\",\"potentialAction\":[{\"@type\":\"ReadAction\",\"target\":[\"https:\\\/\\\/test.richmondlanguage.fr\\\/\"]}]},{\"@type\":\"ImageObject\",\"inLanguage\":\"fr-FR\",\"@id\":\"https:\\\/\\\/test.richmondlanguage.fr\\\/#primaryimage\",\"url\":\"https:\\\/\\\/test.richmondlanguage.fr\\\/wp-content\\\/uploads\\\/2024\\\/12\\\/unnamed.jpg\",\"contentUrl\":\"https:\\\/\\\/test.richmondlanguage.fr\\\/wp-content\\\/uploads\\\/2024\\\/12\\\/unnamed.jpg\",\"width\":1280,\"height\":624},{\"@type\":\"BreadcrumbList\",\"@id\":\"https:\\\/\\\/test.richmondlanguage.fr\\\/#breadcrumb\",\"itemListElement\":[{\"@type\":\"ListItem\",\"position\":1,\"name\":\"Accueil\",\"item\":\"https:\\\/\\\/test.richmondlanguage.fr\\\/\"},{\"@type\":\"ListItem\",\"position\":2,\"name\":\"home\"}]},{\"@type\":\"WebSite\",\"@id\":\"https:\\\/\\\/test.richmondlanguage.fr\\\/#website\",\"url\":\"https:\\\/\\\/test.richmondlanguage.fr\\\/\",\"name\":\"RichmondLanguage\",\"description\":\"Centre de formation des langues vivantes\",\"potentialAction\":[{\"@type\":\"SearchAction\",\"target\":{\"@type\":\"EntryPoint\",\"urlTemplate\":\"https:\\\/\\\/test.richmondlanguage.fr\\\/?s={search_term_string}\"},\"query-input\":{\"@type\":\"PropertyValueSpecification\",\"valueRequired\":true,\"valueName\":\"search_term_string\"}}],\"inLanguage\":\"fr-FR\"}]}<\/script>\n<!-- \/ Yoast SEO plugin. -->","yoast_head_json":{"title":"home - RichmondLanguage","robots":{"index":"noindex","follow":"follow","max-snippet":"max-snippet:-1","max-image-preview":"max-image-preview:large","max-video-preview":"max-video-preview:-1"},"og_locale":"fr_FR","og_type":"article","og_title":"home - RichmondLanguage","og_description":"CENTRE DE FORMATION DES LANGUES VIVANTES \u00a0 Les m\u00e9thodes d\u2019apprentissage de langues \u00e9trang\u00e8res vivantes commun\u00e9ment utilis\u00e9es dans le monde francophone se r\u00e9v\u00e8lent peu efficaces, de nombreux apprenants se retrouvent d\u00e9munis lors de la mise en pratique des notions et\/ou apprentissages re\u00e7us et se retrouvent bien souvent \u00e0 ne pas pouvoir communiquer de mani\u00e8re efficace dans&hellip;","og_url":"https:\/\/test.richmondlanguage.fr\/","og_site_name":"RichmondLanguage","article_modified_time":"2025-05-12T22:16:18+00:00","og_image":[{"url":"https:\/\/test.richmondlanguage.fr\/wp-content\/uploads\/2024\/12\/unnamed-1024x499.jpg","type":"","width":"","height":""}],"twitter_card":"summary_large_image","twitter_misc":{"Dur\u00e9e de lecture estim\u00e9e":"2 minutes"},"schema":{"@context":"https:\/\/schema.org","@graph":[{"@type":"WebPage","@id":"https:\/\/test.richmondlanguage.fr\/","url":"https:\/\/test.richmondlanguage.fr\/","name":"home - RichmondLanguage","isPartOf":{"@id":"https:\/\/test.richmondlanguage.fr\/#website"},"primaryImageOfPage":{"@id":"https:\/\/test.richmondlanguage.fr\/#primaryimage"},"image":{"@id":"https:\/\/test.richmondlanguage.fr\/#primaryimage"},"thumbnailUrl":"https:\/\/test.richmondlanguage.fr\/wp-content\/uploads\/2024\/12\/unnamed-1024x499.jpg","datePublished":"2018-07-25T10:33:57+00:00","dateModified":"2025-05-12T22:16:18+00:00","breadcrumb":{"@id":"https:\/\/test.richmondlanguage.fr\/#breadcrumb"},"inLanguage":"fr-FR","potentialAction":[{"@type":"ReadAction","target":["https:\/\/test.richmondlanguage.fr\/"]}]},{"@type":"ImageObject","inLanguage":"fr-FR","@id":"https:\/\/test.richmondlanguage.fr\/#primaryimage","url":"https:\/\/test.richmondlanguage.fr\/wp-content\/uploads\/2024\/12\/unnamed.jpg","contentUrl":"https:\/\/test.richmondlanguage.fr\/wp-content\/uploads\/2024\/12\/unnamed.jpg","width":1280,"height":624},{"@type":"BreadcrumbList","@id":"https:\/\/test.richmondlanguage.fr\/#breadcrumb","itemListElement":[{"@type":"ListItem","position":1,"name":"Accueil","item":"https:\/\/test.richmondlanguage.fr\/"},{"@type":"ListItem","position":2,"name":"home"}]},{"@type":"WebSite","@id":"https:\/\/test.richmondlanguage.fr\/#website","url":"https:\/\/test.richmondlanguage.fr\/","name":"RichmondLanguage","description":"Centre de formation des langues vivantes","potentialAction":[{"@type":"SearchAction","target":{"@type":"EntryPoint","urlTemplate":"https:\/\/test.richmondlanguage.fr\/?s={search_term_string}"},"query-input":{"@type":"PropertyValueSpecification","valueRequired":true,"valueName":"search_term_string"}}],"inLanguage":"fr-FR"}]}},"jetpack_sharing_enabled":true,"_links":{"self":[{"href":"https:\/\/test.richmondlanguage.fr\/index.php?rest_route=\/wp\/v2\/pages\/10","targetHints":{"allow":["GET"]}}],"collection":[{"href":"https:\/\/test.richmondlanguage.fr\/index.php?rest_route=\/wp\/v2\/pages"}],"about":[{"href":"https:\/\/test.richmondlanguage.fr\/index.php?rest_route=\/wp\/v2\/types\/page"}],"author":[{"embeddable":true,"href":"https:\/\/test.richmondlanguage.fr\/index.php?rest_route=\/wp\/v2\/users\/1"}],"replies":[{"embeddable":true,"href":"https:\/\/test.richmondlanguage.fr\/index.php?rest_route=%2Fwp%2Fv2%2Fcomments&post=10"}],"version-history":[{"count":51,"href":"https:\/\/test.richmondlanguage.fr\/index.php?rest_route=\/wp\/v2\/pages\/10\/revisions"}],"predecessor-version":[{"id":428,"href":"https:\/\/test.richmondlanguage.fr\/index.php?rest_route=\/wp\/v2\/pages\/10\/revisions\/428"}],"wp:attachment":[{"href":"https:\/\/test.richmondlanguage.fr\/index.php?rest_route=%2Fwp%2Fv2%2Fmedia&parent=10"}],"curies":[{"name":"wp","href":"https:\/\/api.w.org\/{rel}","templated":true}]}}