{"id":14,"date":"2018-07-25T10:56:37","date_gmt":"2018-07-25T10:56:37","guid":{"rendered":"http:\/\/www.richmondlanguage.fr\/?page_id=14"},"modified":"2025-05-12T21:12:46","modified_gmt":"2025-05-12T21:12:46","slug":"contact","status":"publish","type":"page","link":"https:\/\/test.richmondlanguage.fr\/?page_id=14","title":{"rendered":"Contact"},"content":{"rendered":"<h1><strong>MERCI DE REMPLIR LE FORMULAIRE POUR NOUS CONTACTER<\/strong><\/h1>\n<h3>Merci d&rsquo;envoyer un mail \u00e0 c<a href=\"mailto:contact@richmondlanguage.fr\">ontact@richmondlanguage.fr<\/a><\/h3>\n<p><strong>Avec les infos suivantes<\/strong><\/p>\n<ul>\n<li>Votre Nom (Obligatoire)<\/li>\n<li>Votre email Email (Obligatoire)<\/li>\n<li>Votre T\u00e9l\u00e9phone<\/li>\n<li>Sujet<\/li>\n<li>votre Message<\/li>\n<li>Langue \u00e0 apprendre \u00ab\u00a0Francais\u00a0\u00bb \u00ab\u00a0Anglais\u00a0\u00bb \u00ab\u00a0Espagnol\u00a0\u00bb<\/li>\n<li>Particulier \/ Entreprise<\/li>\n<li>Votre SIREN vous \u00eates une Entreprise<\/li>\n<li>Votre OPCA si vous \u00eates une Entreprise<\/li>\n<\/ul>\n","protected":false},"excerpt":{"rendered":"<p>MERCI DE REMPLIR LE FORMULAIRE POUR NOUS CONTACTER Merci d&rsquo;envoyer un mail \u00e0 contact@richmondlanguage.fr Avec les infos suivantes Votre Nom (Obligatoire) Votre email Email (Obligatoire) Votre T\u00e9l\u00e9phone Sujet votre Message Langue \u00e0 apprendre \u00ab\u00a0Francais\u00a0\u00bb \u00ab\u00a0Anglais\u00a0\u00bb \u00ab\u00a0Espagnol\u00a0\u00bb Particulier \/ Entreprise Votre SIREN vous \u00eates une Entreprise Votre OPCA si vous \u00eates une Entreprise<\/p>\n","protected":false},"author":1,"featured_media":0,"parent":0,"menu_order":0,"comment_status":"closed","ping_status":"closed","template":"","meta":{"_exactmetrics_skip_tracking":false,"_exactmetrics_sitenote_active":false,"_exactmetrics_sitenote_note":"","_exactmetrics_sitenote_category":0,"footnotes":""},"class_list":["post-14","page","type-page","status-publish","hentry","description-off"],"yoast_head":"<!-- This site is optimized with the Yoast SEO plugin v27.4 - https:\/\/yoast.com\/product\/yoast-seo-wordpress\/ -->\n<title>Contact - RichmondLanguage<\/title>\n<meta name=\"robots\" content=\"noindex, follow, max-snippet:-1, max-image-preview:large, max-video-preview:-1\" \/>\n<meta property=\"og:locale\" content=\"fr_FR\" \/>\n<meta property=\"og:type\" content=\"article\" \/>\n<meta property=\"og:title\" content=\"Contact - RichmondLanguage\" \/>\n<meta property=\"og:description\" content=\"MERCI DE REMPLIR LE FORMULAIRE POUR NOUS CONTACTER Merci d&rsquo;envoyer un mail \u00e0 contact@richmondlanguage.fr Avec les infos suivantes Votre Nom (Obligatoire) Votre email Email (Obligatoire) Votre T\u00e9l\u00e9phone Sujet votre Message Langue \u00e0 apprendre \u00ab\u00a0Francais\u00a0\u00bb \u00ab\u00a0Anglais\u00a0\u00bb \u00ab\u00a0Espagnol\u00a0\u00bb Particulier \/ Entreprise Votre SIREN vous \u00eates une Entreprise Votre OPCA si vous \u00eates une Entreprise\" \/>\n<meta property=\"og:url\" content=\"https:\/\/test.richmondlanguage.fr\/?page_id=14\" \/>\n<meta property=\"og:site_name\" content=\"RichmondLanguage\" \/>\n<meta property=\"article:modified_time\" content=\"2025-05-12T21:12:46+00:00\" \/>\n<meta name=\"twitter:card\" content=\"summary_large_image\" \/>\n<meta name=\"twitter:label1\" content=\"Dur\u00e9e de lecture estim\u00e9e\" \/>\n\t<meta name=\"twitter:data1\" content=\"1 minute\" \/>\n<script type=\"application\/ld+json\" class=\"yoast-schema-graph\">{\"@context\":\"https:\\\/\\\/schema.org\",\"@graph\":[{\"@type\":\"WebPage\",\"@id\":\"https:\\\/\\\/test.richmondlanguage.fr\\\/?page_id=14\",\"url\":\"https:\\\/\\\/test.richmondlanguage.fr\\\/?page_id=14\",\"name\":\"Contact - RichmondLanguage\",\"isPartOf\":{\"@id\":\"https:\\\/\\\/test.richmondlanguage.fr\\\/#website\"},\"datePublished\":\"2018-07-25T10:56:37+00:00\",\"dateModified\":\"2025-05-12T21:12:46+00:00\",\"breadcrumb\":{\"@id\":\"https:\\\/\\\/test.richmondlanguage.fr\\\/?page_id=14#breadcrumb\"},\"inLanguage\":\"fr-FR\",\"potentialAction\":[{\"@type\":\"ReadAction\",\"target\":[\"https:\\\/\\\/test.richmondlanguage.fr\\\/?page_id=14\"]}]},{\"@type\":\"BreadcrumbList\",\"@id\":\"https:\\\/\\\/test.richmondlanguage.fr\\\/?page_id=14#breadcrumb\",\"itemListElement\":[{\"@type\":\"ListItem\",\"position\":1,\"name\":\"Accueil\",\"item\":\"https:\\\/\\\/test.richmondlanguage.fr\\\/\"},{\"@type\":\"ListItem\",\"position\":2,\"name\":\"Contact\"}]},{\"@type\":\"WebSite\",\"@id\":\"https:\\\/\\\/test.richmondlanguage.fr\\\/#website\",\"url\":\"https:\\\/\\\/test.richmondlanguage.fr\\\/\",\"name\":\"RichmondLanguage\",\"description\":\"Centre de formation des langues vivantes\",\"potentialAction\":[{\"@type\":\"SearchAction\",\"target\":{\"@type\":\"EntryPoint\",\"urlTemplate\":\"https:\\\/\\\/test.richmondlanguage.fr\\\/?s={search_term_string}\"},\"query-input\":{\"@type\":\"PropertyValueSpecification\",\"valueRequired\":true,\"valueName\":\"search_term_string\"}}],\"inLanguage\":\"fr-FR\"}]}<\/script>\n<!-- \/ Yoast SEO plugin. -->","yoast_head_json":{"title":"Contact - RichmondLanguage","robots":{"index":"noindex","follow":"follow","max-snippet":"max-snippet:-1","max-image-preview":"max-image-preview:large","max-video-preview":"max-video-preview:-1"},"og_locale":"fr_FR","og_type":"article","og_title":"Contact - RichmondLanguage","og_description":"MERCI DE REMPLIR LE FORMULAIRE POUR NOUS CONTACTER Merci d&rsquo;envoyer un mail \u00e0 contact@richmondlanguage.fr Avec les infos suivantes Votre Nom (Obligatoire) Votre email Email (Obligatoire) Votre T\u00e9l\u00e9phone Sujet votre Message Langue \u00e0 apprendre \u00ab\u00a0Francais\u00a0\u00bb \u00ab\u00a0Anglais\u00a0\u00bb \u00ab\u00a0Espagnol\u00a0\u00bb Particulier \/ Entreprise Votre SIREN vous \u00eates une Entreprise Votre OPCA si vous \u00eates une Entreprise","og_url":"https:\/\/test.richmondlanguage.fr\/?page_id=14","og_site_name":"RichmondLanguage","article_modified_time":"2025-05-12T21:12:46+00:00","twitter_card":"summary_large_image","twitter_misc":{"Dur\u00e9e de lecture estim\u00e9e":"1 minute"},"schema":{"@context":"https:\/\/schema.org","@graph":[{"@type":"WebPage","@id":"https:\/\/test.richmondlanguage.fr\/?page_id=14","url":"https:\/\/test.richmondlanguage.fr\/?page_id=14","name":"Contact - RichmondLanguage","isPartOf":{"@id":"https:\/\/test.richmondlanguage.fr\/#website"},"datePublished":"2018-07-25T10:56:37+00:00","dateModified":"2025-05-12T21:12:46+00:00","breadcrumb":{"@id":"https:\/\/test.richmondlanguage.fr\/?page_id=14#breadcrumb"},"inLanguage":"fr-FR","potentialAction":[{"@type":"ReadAction","target":["https:\/\/test.richmondlanguage.fr\/?page_id=14"]}]},{"@type":"BreadcrumbList","@id":"https:\/\/test.richmondlanguage.fr\/?page_id=14#breadcrumb","itemListElement":[{"@type":"ListItem","position":1,"name":"Accueil","item":"https:\/\/test.richmondlanguage.fr\/"},{"@type":"ListItem","position":2,"name":"Contact"}]},{"@type":"WebSite","@id":"https:\/\/test.richmondlanguage.fr\/#website","url":"https:\/\/test.richmondlanguage.fr\/","name":"RichmondLanguage","description":"Centre de formation des langues vivantes","potentialAction":[{"@type":"SearchAction","target":{"@type":"EntryPoint","urlTemplate":"https:\/\/test.richmondlanguage.fr\/?s={search_term_string}"},"query-input":{"@type":"PropertyValueSpecification","valueRequired":true,"valueName":"search_term_string"}}],"inLanguage":"fr-FR"}]}},"jetpack_sharing_enabled":true,"_links":{"self":[{"href":"https:\/\/test.richmondlanguage.fr\/index.php?rest_route=\/wp\/v2\/pages\/14","targetHints":{"allow":["GET"]}}],"collection":[{"href":"https:\/\/test.richmondlanguage.fr\/index.php?rest_route=\/wp\/v2\/pages"}],"about":[{"href":"https:\/\/test.richmondlanguage.fr\/index.php?rest_route=\/wp\/v2\/types\/page"}],"author":[{"embeddable":true,"href":"https:\/\/test.richmondlanguage.fr\/index.php?rest_route=\/wp\/v2\/users\/1"}],"replies":[{"embeddable":true,"href":"https:\/\/test.richmondlanguage.fr\/index.php?rest_route=%2Fwp%2Fv2%2Fcomments&post=14"}],"version-history":[{"count":11,"href":"https:\/\/test.richmondlanguage.fr\/index.php?rest_route=\/wp\/v2\/pages\/14\/revisions"}],"predecessor-version":[{"id":415,"href":"https:\/\/test.richmondlanguage.fr\/index.php?rest_route=\/wp\/v2\/pages\/14\/revisions\/415"}],"wp:attachment":[{"href":"https:\/\/test.richmondlanguage.fr\/index.php?rest_route=%2Fwp%2Fv2%2Fmedia&parent=14"}],"curies":[{"name":"wp","href":"https:\/\/api.w.org\/{rel}","templated":true}]}}