{"id":143,"date":"2018-08-22T22:03:48","date_gmt":"2018-08-22T22:03:48","guid":{"rendered":"https:\/\/richmondlanguage.fr\/?page_id=143"},"modified":"2025-05-12T21:07:11","modified_gmt":"2025-05-12T21:07:11","slug":"particulier","status":"publish","type":"page","link":"https:\/\/test.richmondlanguage.fr\/?page_id=143","title":{"rendered":"Particulier"},"content":{"rendered":"<h1><strong>UNE FORMATION POUR LES PARTICULIERS<\/strong><\/h1>\n<h3>L\u2019internationalisation des relations nous oblige \u00e0 nous exprimer dans d\u2019autres langues que notre langue maternelle.<\/h3>\n<p>En France, RICHMOND LANGUAGE INSTITUTE vous forme.<\/p>\n<p>Gr\u00e2ce \u00e0 sa m\u00e9thodologie \u00ab\u00a0Phoenix\u00a0\u00bb et ses modules adapt\u00e9s \u00e0 votre milieu professionnel, de passion ou simplement d&rsquo;int\u00e9r\u00eat personnel,\u00a0 RICHMOND LANGUAGE INSTITUTE vous accompagne dans une approche directe et efficace de la langue \u00e9tudi\u00e9e mais aussi dans son perfectionnement.<\/p>\n<p>La formation individuelle est accessible aux particuliers et peut faire l&rsquo;objet d&rsquo;un financement (CPF) par votre entreprise &#8230;. ou tout simplement priv\u00e9<\/p>\n<p>Nos professeurs sont tous de langue maternelle de la langue \u00e9tudi\u00e9e ou peuvent justifier de plusieurs ann\u00e9es pass\u00e9es, de mani\u00e8re continue, dans un pays dont la langue \u00e9tudi\u00e9e est langue v\u00e9hiculaire. Chaque professeur a sign\u00e9 la Charte de Qualit\u00e9 garantissant leur int\u00e9grit\u00e9, leur probit\u00e9 et a fourni un Bulletin n\u00b03 d\u00e9livr\u00e9 par le Minist\u00e8re de la Justice de la Republique Fran\u00e7aise<\/p>\n\n\n<p><\/p>\n","protected":false},"excerpt":{"rendered":"<p>UNE FORMATION POUR LES PARTICULIERS L\u2019internationalisation des relations nous oblige \u00e0 nous exprimer dans d\u2019autres langues que notre langue maternelle. En France, RICHMOND LANGUAGE INSTITUTE vous forme. Gr\u00e2ce \u00e0 sa m\u00e9thodologie \u00ab\u00a0Phoenix\u00a0\u00bb et ses modules adapt\u00e9s \u00e0 votre milieu professionnel, de passion ou simplement d&rsquo;int\u00e9r\u00eat personnel,\u00a0 RICHMOND LANGUAGE INSTITUTE vous accompagne dans une approche directe&hellip;<\/p>\n","protected":false},"author":1,"featured_media":0,"parent":0,"menu_order":0,"comment_status":"closed","ping_status":"closed","template":"","meta":{"_exactmetrics_skip_tracking":false,"_exactmetrics_sitenote_active":false,"_exactmetrics_sitenote_note":"","_exactmetrics_sitenote_category":0,"footnotes":""},"class_list":["post-143","page","type-page","status-publish","hentry","description-off"],"yoast_head":"<!-- This site is optimized with the Yoast SEO plugin v27.4 - https:\/\/yoast.com\/product\/yoast-seo-wordpress\/ -->\n<title>Particulier - RichmondLanguage<\/title>\n<meta name=\"robots\" content=\"noindex, follow, max-snippet:-1, max-image-preview:large, max-video-preview:-1\" \/>\n<meta property=\"og:locale\" content=\"fr_FR\" \/>\n<meta property=\"og:type\" content=\"article\" \/>\n<meta property=\"og:title\" content=\"Particulier - RichmondLanguage\" \/>\n<meta property=\"og:description\" content=\"UNE FORMATION POUR LES PARTICULIERS L\u2019internationalisation des relations nous oblige \u00e0 nous exprimer dans d\u2019autres langues que notre langue maternelle. En France, RICHMOND LANGUAGE INSTITUTE vous forme. Gr\u00e2ce \u00e0 sa m\u00e9thodologie \u00ab\u00a0Phoenix\u00a0\u00bb et ses modules adapt\u00e9s \u00e0 votre milieu professionnel, de passion ou simplement d&rsquo;int\u00e9r\u00eat personnel,\u00a0 RICHMOND LANGUAGE INSTITUTE vous accompagne dans une approche directe&hellip;\" \/>\n<meta property=\"og:url\" content=\"https:\/\/test.richmondlanguage.fr\/?page_id=143\" \/>\n<meta property=\"og:site_name\" content=\"RichmondLanguage\" \/>\n<meta property=\"article:modified_time\" content=\"2025-05-12T21:07:11+00:00\" \/>\n<meta name=\"twitter:card\" content=\"summary_large_image\" \/>\n<meta name=\"twitter:label1\" content=\"Dur\u00e9e de lecture estim\u00e9e\" \/>\n\t<meta name=\"twitter:data1\" content=\"1 minute\" \/>\n<script type=\"application\/ld+json\" class=\"yoast-schema-graph\">{\"@context\":\"https:\\\/\\\/schema.org\",\"@graph\":[{\"@type\":\"WebPage\",\"@id\":\"https:\\\/\\\/test.richmondlanguage.fr\\\/?page_id=143\",\"url\":\"https:\\\/\\\/test.richmondlanguage.fr\\\/?page_id=143\",\"name\":\"Particulier - RichmondLanguage\",\"isPartOf\":{\"@id\":\"https:\\\/\\\/test.richmondlanguage.fr\\\/#website\"},\"datePublished\":\"2018-08-22T22:03:48+00:00\",\"dateModified\":\"2025-05-12T21:07:11+00:00\",\"breadcrumb\":{\"@id\":\"https:\\\/\\\/test.richmondlanguage.fr\\\/?page_id=143#breadcrumb\"},\"inLanguage\":\"fr-FR\",\"potentialAction\":[{\"@type\":\"ReadAction\",\"target\":[\"https:\\\/\\\/test.richmondlanguage.fr\\\/?page_id=143\"]}]},{\"@type\":\"BreadcrumbList\",\"@id\":\"https:\\\/\\\/test.richmondlanguage.fr\\\/?page_id=143#breadcrumb\",\"itemListElement\":[{\"@type\":\"ListItem\",\"position\":1,\"name\":\"Accueil\",\"item\":\"https:\\\/\\\/test.richmondlanguage.fr\\\/\"},{\"@type\":\"ListItem\",\"position\":2,\"name\":\"Particulier\"}]},{\"@type\":\"WebSite\",\"@id\":\"https:\\\/\\\/test.richmondlanguage.fr\\\/#website\",\"url\":\"https:\\\/\\\/test.richmondlanguage.fr\\\/\",\"name\":\"RichmondLanguage\",\"description\":\"Centre de formation des langues vivantes\",\"potentialAction\":[{\"@type\":\"SearchAction\",\"target\":{\"@type\":\"EntryPoint\",\"urlTemplate\":\"https:\\\/\\\/test.richmondlanguage.fr\\\/?s={search_term_string}\"},\"query-input\":{\"@type\":\"PropertyValueSpecification\",\"valueRequired\":true,\"valueName\":\"search_term_string\"}}],\"inLanguage\":\"fr-FR\"}]}<\/script>\n<!-- \/ Yoast SEO plugin. -->","yoast_head_json":{"title":"Particulier - RichmondLanguage","robots":{"index":"noindex","follow":"follow","max-snippet":"max-snippet:-1","max-image-preview":"max-image-preview:large","max-video-preview":"max-video-preview:-1"},"og_locale":"fr_FR","og_type":"article","og_title":"Particulier - RichmondLanguage","og_description":"UNE FORMATION POUR LES PARTICULIERS L\u2019internationalisation des relations nous oblige \u00e0 nous exprimer dans d\u2019autres langues que notre langue maternelle. En France, RICHMOND LANGUAGE INSTITUTE vous forme. Gr\u00e2ce \u00e0 sa m\u00e9thodologie \u00ab\u00a0Phoenix\u00a0\u00bb et ses modules adapt\u00e9s \u00e0 votre milieu professionnel, de passion ou simplement d&rsquo;int\u00e9r\u00eat personnel,\u00a0 RICHMOND LANGUAGE INSTITUTE vous accompagne dans une approche directe&hellip;","og_url":"https:\/\/test.richmondlanguage.fr\/?page_id=143","og_site_name":"RichmondLanguage","article_modified_time":"2025-05-12T21:07:11+00:00","twitter_card":"summary_large_image","twitter_misc":{"Dur\u00e9e de lecture estim\u00e9e":"1 minute"},"schema":{"@context":"https:\/\/schema.org","@graph":[{"@type":"WebPage","@id":"https:\/\/test.richmondlanguage.fr\/?page_id=143","url":"https:\/\/test.richmondlanguage.fr\/?page_id=143","name":"Particulier - RichmondLanguage","isPartOf":{"@id":"https:\/\/test.richmondlanguage.fr\/#website"},"datePublished":"2018-08-22T22:03:48+00:00","dateModified":"2025-05-12T21:07:11+00:00","breadcrumb":{"@id":"https:\/\/test.richmondlanguage.fr\/?page_id=143#breadcrumb"},"inLanguage":"fr-FR","potentialAction":[{"@type":"ReadAction","target":["https:\/\/test.richmondlanguage.fr\/?page_id=143"]}]},{"@type":"BreadcrumbList","@id":"https:\/\/test.richmondlanguage.fr\/?page_id=143#breadcrumb","itemListElement":[{"@type":"ListItem","position":1,"name":"Accueil","item":"https:\/\/test.richmondlanguage.fr\/"},{"@type":"ListItem","position":2,"name":"Particulier"}]},{"@type":"WebSite","@id":"https:\/\/test.richmondlanguage.fr\/#website","url":"https:\/\/test.richmondlanguage.fr\/","name":"RichmondLanguage","description":"Centre de formation des langues vivantes","potentialAction":[{"@type":"SearchAction","target":{"@type":"EntryPoint","urlTemplate":"https:\/\/test.richmondlanguage.fr\/?s={search_term_string}"},"query-input":{"@type":"PropertyValueSpecification","valueRequired":true,"valueName":"search_term_string"}}],"inLanguage":"fr-FR"}]}},"jetpack_sharing_enabled":true,"_links":{"self":[{"href":"https:\/\/test.richmondlanguage.fr\/index.php?rest_route=\/wp\/v2\/pages\/143","targetHints":{"allow":["GET"]}}],"collection":[{"href":"https:\/\/test.richmondlanguage.fr\/index.php?rest_route=\/wp\/v2\/pages"}],"about":[{"href":"https:\/\/test.richmondlanguage.fr\/index.php?rest_route=\/wp\/v2\/types\/page"}],"author":[{"embeddable":true,"href":"https:\/\/test.richmondlanguage.fr\/index.php?rest_route=\/wp\/v2\/users\/1"}],"replies":[{"embeddable":true,"href":"https:\/\/test.richmondlanguage.fr\/index.php?rest_route=%2Fwp%2Fv2%2Fcomments&post=143"}],"version-history":[{"count":5,"href":"https:\/\/test.richmondlanguage.fr\/index.php?rest_route=\/wp\/v2\/pages\/143\/revisions"}],"predecessor-version":[{"id":410,"href":"https:\/\/test.richmondlanguage.fr\/index.php?rest_route=\/wp\/v2\/pages\/143\/revisions\/410"}],"wp:attachment":[{"href":"https:\/\/test.richmondlanguage.fr\/index.php?rest_route=%2Fwp%2Fv2%2Fmedia&parent=143"}],"curies":[{"name":"wp","href":"https:\/\/api.w.org\/{rel}","templated":true}]}}